{"id":177,"date":"2023-05-12T07:43:02","date_gmt":"2023-05-12T07:43:02","guid":{"rendered":"https:\/\/demo2wpopal.b-cdn.net\/teapoz\/?page_id=177"},"modified":"2023-05-12T07:43:02","modified_gmt":"2023-05-12T07:43:02","slug":"about","status":"publish","type":"page","link":"https:\/\/teapozon.com\/de\/about\/","title":{"rendered":"About"},"content":{"rendered":"<div data-elementor-type=\"wp-page\" data-elementor-id=\"177\" class=\"elementor elementor-177\" data-elementor-post-type=\"page\">\n\t\t\t\t<div class=\"elementor-element elementor-element-de48112 e-con-full e-flex e-con e-parent\" data-id=\"de48112\" data-element_type=\"container\">\n\t\t<div class=\"elementor-element elementor-element-fe8d7d3 e-con-full e-flex e-con e-parent\" data-id=\"fe8d7d3\" data-element_type=\"container\" data-settings=\"{&quot;background_background&quot;:&quot;classic&quot;}\">\n\t\t\t\t<div class=\"elementor-element elementor-element-80d97b5 elementor-widget elementor-widget-spacer\" data-id=\"80d97b5\" data-element_type=\"widget\" data-widget_type=\"spacer.default\">\n\t\t\t\t\t\t\t<div class=\"elementor-spacer\">\n\t\t\t<div class=\"elementor-spacer-inner\"><\/div>\n\t\t<\/div>\n\t\t\t\t\t\t<\/div>\n\t\t\t\t<\/div>\n\t\t<div class=\"elementor-element elementor-element-dbf18bf e-con-full e-flex e-con e-parent\" data-id=\"dbf18bf\" data-element_type=\"container\">\n\t\t<div class=\"elementor-element elementor-element-d85c807 e-flex e-con-boxed e-con e-parent\" data-id=\"d85c807\" data-element_type=\"container\">\n\t\t\t\t\t<div class=\"e-con-inner\">\n\t\t\t\t<div class=\"elementor-element elementor-element-f690100 elementor-absolute elementor-hidden-tablet elementor-hidden-mobile elementor-hidden-tablet_extra elementor-hidden-mobile_extra elementor-invisible elementor-widget elementor-widget-image\" data-id=\"f690100\" data-element_type=\"widget\" data-settings=\"{&quot;_position&quot;:&quot;absolute&quot;,&quot;_animation&quot;:&quot;rotateInDownRight&quot;}\" data-widget_type=\"image.default\">\n\t\t\t\t\t\t\t\t\t\t\t\t\t\t\t<img fetchpriority=\"high\" decoding=\"async\" width=\"340\" height=\"357\" src=\"https:\/\/teapozon.com\/wp-content\/uploads\/2023\/05\/about-decor-1.png\" class=\"attachment-full size-full wp-image-1611\" alt=\"\" srcset=\"https:\/\/teapozon.com\/wp-content\/uploads\/2023\/05\/about-decor-1.png 340w, https:\/\/teapozon.com\/wp-content\/uploads\/2023\/05\/about-decor-1-286x300.png 286w\" sizes=\"(max-width: 340px) 100vw, 340px\" \/>\t\t\t\t\t\t\t\t\t\t\t\t\t\t\t<\/div>\n\t\t\t\t<div class=\"elementor-element elementor-element-cb63c72 elementor-widget elementor-widget-text-editor\" data-id=\"cb63c72\" data-element_type=\"widget\" data-widget_type=\"text-editor.default\">\n\t\t\t\t\t\t\t\t\t<div>\u00fcber uns<\/div>\t\t\t\t\t\t\t\t<\/div>\n\t\t\t\t<div class=\"elementor-element elementor-element-0dbafc1 elementor-widget elementor-widget-heading\" data-id=\"0dbafc1\" data-element_type=\"widget\" data-widget_type=\"heading.default\">\n\t\t\t\t\t<h2 class=\"elementor-heading-title elementor-size-default\">Das ultimative Tee-Erlebnis<\/h2>\t\t\t\t<\/div>\n\t\t\t\t<div class=\"elementor-element elementor-element-adb4534 elementor-widget elementor-widget-text-editor\" data-id=\"adb4534\" data-element_type=\"widget\" data-widget_type=\"text-editor.default\">\n\t\t\t\t\t\t\t\t\t<div>Au\u00dfergew\u00f6hnliche Tees treffen auf eine unvergleichliche Pr\u00e4sentation f\u00fcr ein au\u00dfergew\u00f6hnliches Erlebnis, das nur Teapoz sein kann.<\/div>\t\t\t\t\t\t\t\t<\/div>\n\t\t\t\t<div class=\"elementor-element elementor-element-58e95fe elementor-widget elementor-widget-text-editor\" data-id=\"58e95fe\" data-element_type=\"widget\" data-widget_type=\"text-editor.default\">\n\t\t\t\t\t\t\t\t\t<div>Wir arbeiten direkt mit Erzeugern zusammen, die unser Engagement und unsere Entschlossenheit teilen, den endg\u00fcltigen Ausdruck jeder Teesorte, die wir anbieten, zu produzieren. Unsere Zutaten machen weniger als 1% aller weltweit erh\u00e4ltlichen Tees aus. Unsere vielf\u00e4ltigen, subtilen Geschmacksrichtungen sind das Ergebnis einer kompromisslosen Produktion.<\/div>\t\t\t\t\t\t\t\t<\/div>\n\t\t\t\t<div class=\"elementor-element elementor-element-4b905df elementor-widget elementor-widget-text-editor\" data-id=\"4b905df\" data-element_type=\"widget\" data-widget_type=\"text-editor.default\">\n\t\t\t\t\t\t\t\t\t<div>Handgefertigte, luxuri\u00f6se Teemischungen, designorientierte Accessoires und exquisite Verpackungen vereinen sich zu einem Erlebnis, das es wert ist, jeden Tag genossen zu werden. Teapoz ist in \u00fcber 35 L\u00e4ndern vertreten und wird mit Stolz von f\u00fchrenden Hotels, Restaurants, Resorts und Einzelh\u00e4ndlern angeboten.<\/div>\t\t\t\t\t\t\t\t<\/div>\n\t\t\t\t<div class=\"elementor-element elementor-element-c80b661 elementor-button-outline elementor-mobile-align-center elementor-widget elementor-widget-button\" data-id=\"c80b661\" data-element_type=\"widget\" data-widget_type=\"button.default\">\n\t\t\t\t\t\t\t\t\t\t<a class=\"elementor-button elementor-button-link elementor-size-sm\" href=\"https:\/\/demo2wpopal.b-cdn.net\/teapoz\/shop\/\">\n\t\t\t\t\t\t<span class=\"elementor-button-content-wrapper\">\n\t\t\t\t\t\t<span class=\"elementor-button-icon\">\n\t\t\t\t<svg aria-hidden=\"true\" class=\"e-font-icon-svg e-fas-chevron-right\" viewbox=\"0 0 320 512\" xmlns=\"http:\/\/www.w3.org\/2000\/svg\"><path d=\"M285.476 272.971L91.132 467.314c-9.373 9.373-24.569 9.373-33.941 0l-22.667-22.667c-9.357-9.357-9.375-24.522-.04-33.901L188.505 256 34.484 101.255c-9.335-9.379-9.317-24.544.04-33.901l22.667-22.667c9.373-9.373 24.569-9.373 33.941 0L285.475 239.03c9.373 9.372 9.373 24.568.001 33.941z\"><\/path><\/svg>\t\t\t<\/span>\n\t\t\t\t\t\t\t\t\t<span class=\"elementor-button-text\">Unsere Tees kaufen<\/span>\n\t\t\t\t\t<\/span>\n\t\t\t\t\t<\/a>\n\t\t\t\t\t\t\t\t<\/div>\n\t\t\t\t<div class=\"elementor-element elementor-element-1c2fc4a elementor-absolute elementor-hidden-tablet elementor-hidden-mobile elementor-hidden-tablet_extra elementor-hidden-mobile_extra elementor-invisible elementor-widget elementor-widget-image\" data-id=\"1c2fc4a\" data-element_type=\"widget\" data-settings=\"{&quot;_position&quot;:&quot;absolute&quot;,&quot;_animation&quot;:&quot;rollIn&quot;}\" data-widget_type=\"image.default\">\n\t\t\t\t\t\t\t\t\t\t\t\t\t\t\t<img decoding=\"async\" width=\"188\" height=\"128\" src=\"https:\/\/teapozon.com\/wp-content\/uploads\/2023\/05\/about-decor-2.png\" class=\"attachment-full size-full wp-image-1612\" alt=\"\" \/>\t\t\t\t\t\t\t\t\t\t\t\t\t\t\t<\/div>\n\t\t\t\t\t<\/div>\n\t\t\t\t<\/div>\n\t\t\t\t<\/div>\n\t\t\t\t<\/div>\n\t\t<div class=\"elementor-element elementor-element-5adb757 e-flex e-con-boxed e-con e-parent\" data-id=\"5adb757\" data-element_type=\"container\" data-settings=\"{&quot;background_background&quot;:&quot;classic&quot;}\">\n\t\t\t\t\t<div class=\"e-con-inner\">\n\t\t\t\t<div class=\"elementor-element elementor-element-a5fec6b elementor-widget__width-initial elementor-view-default elementor-position-block-start elementor-mobile-position-block-start elementor-widget elementor-widget-icon-box\" data-id=\"a5fec6b\" data-element_type=\"widget\" data-widget_type=\"icon-box.default\">\n\t\t\t\t\t\t\t<div class=\"elementor-icon-box-wrapper\">\n\n\t\t\t\t\t\t<div class=\"elementor-icon-box-icon\">\n\t\t\t\t<span  class=\"elementor-icon elementor-animation-shrink\">\n\t\t\t\t\t\t\t\t<\/span>\n\t\t\t<\/div>\n\t\t\t\n\t\t\t\t\t\t<div class=\"elementor-icon-box-content\">\n\n\t\t\t\t\t\t\t\t\t<h3 class=\"elementor-icon-box-title\">\n\t\t\t\t\t\t<span  >\n\t\t\t\t\t\t\tHandgepfl\u00fcckter Tee\t\t\t\t\t\t<\/span>\n\t\t\t\t\t<\/h3>\n\t\t\t\t\n\t\t\t\t\t\t\t\t\t<p class=\"elementor-icon-box-description\">\n\t\t\t\t\t\tEs gibt viele Variationen von Lorem Ipsum-Passagen.\t\t\t\t\t<\/p>\n\t\t\t\t\n\t\t\t<\/div>\n\t\t\t\n\t\t<\/div>\n\t\t\t\t\t\t<\/div>\n\t\t\t\t<div class=\"elementor-element elementor-element-f1ef347 elementor-widget__width-initial elementor-view-default elementor-position-block-start elementor-mobile-position-block-start elementor-widget elementor-widget-icon-box\" data-id=\"f1ef347\" data-element_type=\"widget\" data-widget_type=\"icon-box.default\">\n\t\t\t\t\t\t\t<div class=\"elementor-icon-box-wrapper\">\n\n\t\t\t\t\t\t<div class=\"elementor-icon-box-icon\">\n\t\t\t\t<span  class=\"elementor-icon elementor-animation-shrink\">\n\t\t\t\t\t\t\t\t<\/span>\n\t\t\t<\/div>\n\t\t\t\n\t\t\t\t\t\t<div class=\"elementor-icon-box-content\">\n\n\t\t\t\t\t\t\t\t\t<h3 class=\"elementor-icon-box-title\">\n\t\t\t\t\t\t<span  >\n\t\t\t\t\t\t\tKlima- und Plastikneutral\t\t\t\t\t\t<\/span>\n\t\t\t\t\t<\/h3>\n\t\t\t\t\n\t\t\t\t\t\t\t\t\t<p class=\"elementor-icon-box-description\">\n\t\t\t\t\t\tEs gibt viele Variationen von Lorem Ipsum-Passagen.\t\t\t\t\t<\/p>\n\t\t\t\t\n\t\t\t<\/div>\n\t\t\t\n\t\t<\/div>\n\t\t\t\t\t\t<\/div>\n\t\t\t\t<div class=\"elementor-element elementor-element-0fc8a08 elementor-widget__width-initial elementor-view-default elementor-position-block-start elementor-mobile-position-block-start elementor-widget elementor-widget-icon-box\" data-id=\"0fc8a08\" data-element_type=\"widget\" data-widget_type=\"icon-box.default\">\n\t\t\t\t\t\t\t<div class=\"elementor-icon-box-wrapper\">\n\n\t\t\t\t\t\t<div class=\"elementor-icon-box-icon\">\n\t\t\t\t<span  class=\"elementor-icon elementor-animation-shrink\">\n\t\t\t\t\t\t\t\t<\/span>\n\t\t\t<\/div>\n\t\t\t\n\t\t\t\t\t\t<div class=\"elementor-icon-box-content\">\n\n\t\t\t\t\t\t\t\t\t<h3 class=\"elementor-icon-box-title\">\n\t\t\t\t\t\t<span  >\n\t\t\t\t\t\t\tFrisch verpackt an der Quelle\t\t\t\t\t\t<\/span>\n\t\t\t\t\t<\/h3>\n\t\t\t\t\n\t\t\t\t\t\t\t\t\t<p class=\"elementor-icon-box-description\">\n\t\t\t\t\t\tEs gibt viele Variationen von Lorem Ipsum-Passagen.\t\t\t\t\t<\/p>\n\t\t\t\t\n\t\t\t<\/div>\n\t\t\t\n\t\t<\/div>\n\t\t\t\t\t\t<\/div>\n\t\t\t\t<div class=\"elementor-element elementor-element-fbd16bb elementor-widget__width-initial elementor-view-default elementor-position-block-start elementor-mobile-position-block-start elementor-widget elementor-widget-icon-box\" data-id=\"fbd16bb\" data-element_type=\"widget\" data-widget_type=\"icon-box.default\">\n\t\t\t\t\t\t\t<div class=\"elementor-icon-box-wrapper\">\n\n\t\t\t\t\t\t<div class=\"elementor-icon-box-icon\">\n\t\t\t\t<span  class=\"elementor-icon elementor-animation-shrink\">\n\t\t\t\t\t\t\t\t<\/span>\n\t\t\t<\/div>\n\t\t\t\n\t\t\t\t\t\t<div class=\"elementor-icon-box-content\">\n\n\t\t\t\t\t\t\t\t\t<h3 class=\"elementor-icon-box-title\">\n\t\t\t\t\t\t<span  >\n\t\t\t\t\t\t\tDirekt an Ihre Haust\u00fcr geliefert\t\t\t\t\t\t<\/span>\n\t\t\t\t\t<\/h3>\n\t\t\t\t\n\t\t\t\t\t\t\t\t\t<p class=\"elementor-icon-box-description\">\n\t\t\t\t\t\tEs gibt viele Variationen von Lorem Ipsum-Passagen.\t\t\t\t\t<\/p>\n\t\t\t\t\n\t\t\t<\/div>\n\t\t\t\n\t\t<\/div>\n\t\t\t\t\t\t<\/div>\n\t\t\t\t\t<\/div>\n\t\t\t\t<\/div>\n\t\t<div class=\"elementor-element elementor-element-f1939d1 e-flex e-con-boxed e-con e-parent\" data-id=\"f1939d1\" data-element_type=\"container\">\n\t\t\t\t\t<div class=\"e-con-inner\">\n\t\t<div class=\"elementor-element elementor-element-e51efb5 e-con-full e-flex e-con e-parent\" data-id=\"e51efb5\" data-element_type=\"container\" data-settings=\"{&quot;background_background&quot;:&quot;classic&quot;}\">\n\t\t<div class=\"elementor-element elementor-element-c751edc e-con-full e-flex e-con e-parent\" data-id=\"c751edc\" data-element_type=\"container\" data-settings=\"{&quot;background_background&quot;:&quot;classic&quot;}\">\n\t\t\t\t<div class=\"elementor-element elementor-element-851796f elementor-widget elementor-widget-text-editor\" data-id=\"851796f\" data-element_type=\"widget\" data-widget_type=\"text-editor.default\">\n\t\t\t\t\t\t\t\t\t<p>unsere Geschichte<\/p>\t\t\t\t\t\t\t\t<\/div>\n\t\t\t\t<div class=\"elementor-element elementor-element-6240903 elementor-widget elementor-widget-heading\" data-id=\"6240903\" data-element_type=\"widget\" data-widget_type=\"heading.default\">\n\t\t\t\t\t<h3 class=\"elementor-heading-title elementor-size-default\">Gegr\u00fcndet 1983<\/h3>\t\t\t\t<\/div>\n\t\t\t\t<div class=\"elementor-element elementor-element-4866119 elementor-widget elementor-widget-text-editor\" data-id=\"4866119\" data-element_type=\"widget\" data-widget_type=\"text-editor.default\">\n\t\t\t\t\t\t\t\t\t<div>Unsere Geschichte basiert auf einer Leidenschaft f\u00fcr Aromen, Geschmack und einer Verpflichtung zu Qualit\u00e4t, die auf das Gr\u00fcndungsjahr 1981 zur\u00fcckgeht (im selben Jahr er\u00f6ffnete das Unternehmen die erste Tee-Boutique Indiens, die heute ein historisches Wahrzeichen und ein ikonischer Ort ist).<\/div>\t\t\t\t\t\t\t\t<\/div>\n\t\t\t\t<div class=\"elementor-element elementor-element-90ba174 elementor-button-type-link show-line-yes elementor-widget elementor-widget-button\" data-id=\"90ba174\" data-element_type=\"widget\" data-widget_type=\"button.default\">\n\t\t\t\t\t\t\t\t\t\t<a class=\"elementor-button elementor-button-link elementor-size-sm\" href=\"https:\/\/demo2wpopal.b-cdn.net\/teapoz\/contact\/\">\n\t\t\t\t\t\t<span class=\"elementor-button-content-wrapper\">\n\t\t\t\t\t\t<span class=\"elementor-button-icon\">\n\t\t\t\t<svg aria-hidden=\"true\" class=\"e-font-icon-svg e-fas-chevron-right\" viewbox=\"0 0 320 512\" xmlns=\"http:\/\/www.w3.org\/2000\/svg\"><path d=\"M285.476 272.971L91.132 467.314c-9.373 9.373-24.569 9.373-33.941 0l-22.667-22.667c-9.357-9.357-9.375-24.522-.04-33.901L188.505 256 34.484 101.255c-9.335-9.379-9.317-24.544.04-33.901l22.667-22.667c9.373-9.373 24.569-9.373 33.941 0L285.475 239.03c9.373 9.372 9.373 24.568.001 33.941z\"><\/path><\/svg>\t\t\t<\/span>\n\t\t\t\t\t\t\t\t\t<span class=\"elementor-button-text\">Kontaktieren Sie uns<\/span>\n\t\t\t\t\t<\/span>\n\t\t\t\t\t<\/a>\n\t\t\t\t\t\t\t\t<\/div>\n\t\t\t\t<\/div>\n\t\t<div class=\"elementor-element elementor-element-ac47a92 e-con-full elementor-hidden-tablet elementor-hidden-mobile elementor-hidden-mobile_extra e-flex e-con e-parent\" data-id=\"ac47a92\" data-element_type=\"container\">\n\t\t\t\t<\/div>\n\t\t\t\t<\/div>\n\t\t<div class=\"elementor-element elementor-element-9e279f7 e-con-full e-flex e-con e-parent\" data-id=\"9e279f7\" data-element_type=\"container\" data-settings=\"{&quot;background_background&quot;:&quot;classic&quot;}\">\n\t\t<div class=\"elementor-element elementor-element-36a26d0 e-con-full e-flex e-con e-parent\" data-id=\"36a26d0\" data-element_type=\"container\" data-settings=\"{&quot;background_background&quot;:&quot;classic&quot;}\">\n\t\t\t\t<div class=\"elementor-element elementor-element-cee426c elementor-widget elementor-widget-text-editor\" data-id=\"cee426c\" data-element_type=\"widget\" data-widget_type=\"text-editor.default\">\n\t\t\t\t\t\t\t\t\t<p>FEINSTE &amp; FRISCHESTE TEES<\/p>\t\t\t\t\t\t\t\t<\/div>\n\t\t\t\t<div class=\"elementor-element elementor-element-86c072f elementor-widget elementor-widget-heading\" data-id=\"86c072f\" data-element_type=\"widget\" data-widget_type=\"heading.default\">\n\t\t\t\t\t<h3 class=\"elementor-heading-title elementor-size-default\">Ausgew\u00e4hlt von einem Meister-Teeverkoster<\/h3>\t\t\t\t<\/div>\n\t\t\t\t<div class=\"elementor-element elementor-element-c2a43b1 elementor-widget elementor-widget-text-editor\" data-id=\"c2a43b1\" data-element_type=\"widget\" data-widget_type=\"text-editor.default\">\n\t\t\t\t\t\t\t\t\t<div>Jede Charge Tee, die unter der Marke Sancha verkauft wird, durchl\u00e4uft einen ersch\u00f6pfenden Auswahlprozess von Tees, die von \u00fcber 500 Teeplantagen stammen und jede Woche in die Tausende gehen.<\/div>\t\t\t\t\t\t\t\t<\/div>\n\t\t\t\t<div class=\"elementor-element elementor-element-15d2632 elementor-button-type-link show-line-yes elementor-widget elementor-widget-button\" data-id=\"15d2632\" data-element_type=\"widget\" data-widget_type=\"button.default\">\n\t\t\t\t\t\t\t\t\t\t<a class=\"elementor-button elementor-button-link elementor-size-sm\" href=\"https:\/\/demo2wpopal.b-cdn.net\/teapoz\/team\/\">\n\t\t\t\t\t\t<span class=\"elementor-button-content-wrapper\">\n\t\t\t\t\t\t<span class=\"elementor-button-icon\">\n\t\t\t\t<svg aria-hidden=\"true\" class=\"e-font-icon-svg e-fas-chevron-right\" viewbox=\"0 0 320 512\" xmlns=\"http:\/\/www.w3.org\/2000\/svg\"><path d=\"M285.476 272.971L91.132 467.314c-9.373 9.373-24.569 9.373-33.941 0l-22.667-22.667c-9.357-9.357-9.375-24.522-.04-33.901L188.505 256 34.484 101.255c-9.335-9.379-9.317-24.544.04-33.901l22.667-22.667c9.373-9.373 24.569-9.373 33.941 0L285.475 239.03c9.373 9.372 9.373 24.568.001 33.941z\"><\/path><\/svg>\t\t\t<\/span>\n\t\t\t\t\t\t\t\t\t<span class=\"elementor-button-text\">Treffen Sie unsere Leute<\/span>\n\t\t\t\t\t<\/span>\n\t\t\t\t\t<\/a>\n\t\t\t\t\t\t\t\t<\/div>\n\t\t\t\t<\/div>\n\t\t<div class=\"elementor-element elementor-element-2f4fc74 e-con-full elementor-hidden-tablet elementor-hidden-mobile elementor-hidden-mobile_extra e-flex e-con e-parent\" data-id=\"2f4fc74\" data-element_type=\"container\">\n\t\t\t\t<\/div>\n\t\t\t\t<\/div>\n\t\t\t\t\t<\/div>\n\t\t\t\t<\/div>\n\t\t<div class=\"elementor-element elementor-element-8a0a17b e-flex e-con-boxed e-con e-parent\" data-id=\"8a0a17b\" data-element_type=\"container\">\n\t\t\t\t\t<div class=\"e-con-inner\">\n\t\t\t\t<div class=\"elementor-element elementor-element-c7ad33b elementor-widget elementor-widget-teapoz-video-popup\" data-id=\"c7ad33b\" data-element_type=\"widget\" data-widget_type=\"teapoz-video-popup.default\">\n\t\t\t\t<div class=\"elementor-widget-container\">\n\t\t\t\t\t        <div class=\"elementor-video-wrapper teapoz-video-popup\">\n            <a class=\"elementor-video-popup\" role=\"button\" href=\"https:\/\/vimeo.com\/346736017\" data-effect=\"mfp-zoom-in\">\n                <div class=\"elementor-video-content\">\n                                        <span class=\"elementor-video-icon\">\n                    <i aria-hidden=\"true\" class=\"teapoz-icon- teapoz-icon-play-line\"><\/i>                    <\/span>\n                <\/div>\n                                    <span class=\"image-hover\">\n                        <img decoding=\"async\" width=\"1540\" height=\"620\" src=\"https:\/\/teapozon.com\/wp-content\/uploads\/2023\/05\/about-bg-4.jpg\" class=\"attachment-full size-full wp-image-1780\" alt=\"\" srcset=\"https:\/\/teapozon.com\/wp-content\/uploads\/2023\/05\/about-bg-4.jpg 1540w, https:\/\/teapozon.com\/wp-content\/uploads\/2023\/05\/about-bg-4-600x242.jpg 600w, https:\/\/teapozon.com\/wp-content\/uploads\/2023\/05\/about-bg-4-850x342.jpg 850w, https:\/\/teapozon.com\/wp-content\/uploads\/2023\/05\/about-bg-4-300x121.jpg 300w, https:\/\/teapozon.com\/wp-content\/uploads\/2023\/05\/about-bg-4-1024x412.jpg 1024w, https:\/\/teapozon.com\/wp-content\/uploads\/2023\/05\/about-bg-4-768x309.jpg 768w, https:\/\/teapozon.com\/wp-content\/uploads\/2023\/05\/about-bg-4-1536x618.jpg 1536w\" sizes=\"(max-width: 1540px) 100vw, 1540px\" \/>                    <\/span>\n                \n            <\/a>\n        <\/div>\n        \t\t\t\t<\/div>\n\t\t\t\t<\/div>\n\t\t\t\t\t<\/div>\n\t\t\t\t<\/div>\n\t\t<div class=\"elementor-element elementor-element-f871645 e-flex e-con-boxed e-con e-parent\" data-id=\"f871645\" data-element_type=\"container\">\n\t\t\t\t\t<div class=\"e-con-inner\">\n\t\t\t\t<div class=\"elementor-element elementor-element-bd4e623 elementor-widget elementor-widget-text-editor\" data-id=\"bd4e623\" data-element_type=\"widget\" data-widget_type=\"text-editor.default\">\n\t\t\t\t\t\t\t\t\t<p>was wir archivieren<\/p>\t\t\t\t\t\t\t\t<\/div>\n\t\t\t\t<div class=\"elementor-element elementor-element-8e077b9 elementor-widget elementor-widget-heading\" data-id=\"8e077b9\" data-element_type=\"widget\" data-widget_type=\"heading.default\">\n\t\t\t\t\t<h2 class=\"elementor-heading-title elementor-size-default\">Preisgekr\u00f6nt<\/h2>\t\t\t\t<\/div>\n\t\t<div class=\"elementor-element elementor-element-29275b2 e-flex e-con-boxed e-con e-parent\" data-id=\"29275b2\" data-element_type=\"container\">\n\t\t\t\t\t<div class=\"e-con-inner\">\n\t\t\t\t<div class=\"elementor-element elementor-element-ea6e7e6 elementor-widget__width-initial elementor-position-top elementor-widget elementor-widget-image-box\" data-id=\"ea6e7e6\" data-element_type=\"widget\" data-widget_type=\"image-box.default\">\n\t\t\t\t\t<div class=\"elementor-image-box-wrapper\"><figure class=\"elementor-image-box-img\"><img loading=\"lazy\" decoding=\"async\" width=\"100\" height=\"100\" src=\"https:\/\/teapozon.com\/wp-content\/uploads\/2023\/05\/award_1.png\" class=\"elementor-animation-shrink attachment-full size-full wp-image-1909\" alt=\"\" srcset=\"https:\/\/teapozon.com\/wp-content\/uploads\/2023\/05\/award_1.png 100w, https:\/\/teapozon.com\/wp-content\/uploads\/2023\/05\/award_1-96x96.png 96w\" sizes=\"(max-width: 100px) 100vw, 100px\" \/><\/figure><div class=\"elementor-image-box-content\"><h6 class=\"elementor-image-box-title\">2013<\/h6><p class=\"elementor-image-box-description\">Lose Tees Einzelne Aufg\u00fcsse<\/p><\/div><\/div>\t\t\t\t<\/div>\n\t\t\t\t<div class=\"elementor-element elementor-element-c42702d elementor-widget__width-initial elementor-position-top elementor-widget elementor-widget-image-box\" data-id=\"c42702d\" data-element_type=\"widget\" data-widget_type=\"image-box.default\">\n\t\t\t\t\t<div class=\"elementor-image-box-wrapper\"><figure class=\"elementor-image-box-img\"><img loading=\"lazy\" decoding=\"async\" width=\"100\" height=\"100\" src=\"https:\/\/teapozon.com\/wp-content\/uploads\/2023\/05\/award_2.png\" class=\"elementor-animation-shrink attachment-full size-full wp-image-1910\" alt=\"\" srcset=\"https:\/\/teapozon.com\/wp-content\/uploads\/2023\/05\/award_2.png 100w, https:\/\/teapozon.com\/wp-content\/uploads\/2023\/05\/award_2-96x96.png 96w\" sizes=\"(max-width: 100px) 100vw, 100px\" \/><\/figure><div class=\"elementor-image-box-content\"><h6 class=\"elementor-image-box-title\">2015<\/h6><p class=\"elementor-image-box-description\">Wei\u00dfe Ingwer-Birne<\/p><\/div><\/div>\t\t\t\t<\/div>\n\t\t\t\t<div class=\"elementor-element elementor-element-a64e5a5 elementor-widget__width-initial elementor-position-top elementor-widget elementor-widget-image-box\" data-id=\"a64e5a5\" data-element_type=\"widget\" data-widget_type=\"image-box.default\">\n\t\t\t\t\t<div class=\"elementor-image-box-wrapper\"><figure class=\"elementor-image-box-img\"><img loading=\"lazy\" decoding=\"async\" width=\"100\" height=\"100\" src=\"https:\/\/teapozon.com\/wp-content\/uploads\/2023\/05\/award_3.png\" class=\"elementor-animation-shrink attachment-full size-full wp-image-1911\" alt=\"\" srcset=\"https:\/\/teapozon.com\/wp-content\/uploads\/2023\/05\/award_3.png 100w, https:\/\/teapozon.com\/wp-content\/uploads\/2023\/05\/award_3-96x96.png 96w\" sizes=\"(max-width: 100px) 100vw, 100px\" \/><\/figure><div class=\"elementor-image-box-content\"><h6 class=\"elementor-image-box-title\">2016<\/h6><p class=\"elementor-image-box-description\">Heidelbeere Merlot<\/p><\/div><\/div>\t\t\t\t<\/div>\n\t\t\t\t<div class=\"elementor-element elementor-element-b06a524 elementor-widget__width-initial elementor-position-top elementor-widget elementor-widget-image-box\" data-id=\"b06a524\" data-element_type=\"widget\" data-widget_type=\"image-box.default\">\n\t\t\t\t\t<div class=\"elementor-image-box-wrapper\"><figure class=\"elementor-image-box-img\"><img loading=\"lazy\" decoding=\"async\" width=\"100\" height=\"100\" src=\"https:\/\/teapozon.com\/wp-content\/uploads\/2023\/05\/award_4.png\" class=\"elementor-animation-shrink attachment-full size-full wp-image-1912\" alt=\"\" srcset=\"https:\/\/teapozon.com\/wp-content\/uploads\/2023\/05\/award_4.png 100w, https:\/\/teapozon.com\/wp-content\/uploads\/2023\/05\/award_4-96x96.png 96w\" sizes=\"(max-width: 100px) 100vw, 100px\" \/><\/figure><div class=\"elementor-image-box-content\"><h6 class=\"elementor-image-box-title\">2019<\/h6><p class=\"elementor-image-box-description\">Erdbeere Hibiskus<\/p><\/div><\/div>\t\t\t\t<\/div>\n\t\t\t\t<div class=\"elementor-element elementor-element-af8ae8c elementor-widget__width-initial elementor-position-top elementor-widget elementor-widget-image-box\" data-id=\"af8ae8c\" data-element_type=\"widget\" data-widget_type=\"image-box.default\">\n\t\t\t\t\t<div class=\"elementor-image-box-wrapper\"><figure class=\"elementor-image-box-img\"><img loading=\"lazy\" decoding=\"async\" width=\"100\" height=\"100\" src=\"https:\/\/teapozon.com\/wp-content\/uploads\/2023\/05\/award_5.png\" class=\"elementor-animation-shrink attachment-full size-full wp-image-1913\" alt=\"\" srcset=\"https:\/\/teapozon.com\/wp-content\/uploads\/2023\/05\/award_5.png 100w, https:\/\/teapozon.com\/wp-content\/uploads\/2023\/05\/award_5-96x96.png 96w\" sizes=\"(max-width: 100px) 100vw, 100px\" \/><\/figure><div class=\"elementor-image-box-content\"><h6 class=\"elementor-image-box-title\">2022<\/h6><p class=\"elementor-image-box-description\">Wei\u00dfer Apfel-Ingwer<\/p><\/div><\/div>\t\t\t\t<\/div>\n\t\t\t\t\t<\/div>\n\t\t\t\t<\/div>\n\t\t\t\t\t<\/div>\n\t\t\t\t<\/div>\n\t\t\t\t<\/div>","protected":false},"excerpt":{"rendered":"","protected":false},"author":1,"featured_media":0,"parent":0,"menu_order":0,"comment_status":"closed","ping_status":"closed","template":"template-homepage.php","meta":{"footnotes":""},"class_list":["post-177","page","type-page","status-publish","hentry"],"_hostinger_reach_plugin_has_subscription_block":false,"_hostinger_reach_plugin_is_elementor":false,"_links":{"self":[{"href":"https:\/\/teapozon.com\/de\/wp-json\/wp\/v2\/pages\/177","targetHints":{"allow":["GET"]}}],"collection":[{"href":"https:\/\/teapozon.com\/de\/wp-json\/wp\/v2\/pages"}],"about":[{"href":"https:\/\/teapozon.com\/de\/wp-json\/wp\/v2\/types\/page"}],"author":[{"embeddable":true,"href":"https:\/\/teapozon.com\/de\/wp-json\/wp\/v2\/users\/1"}],"replies":[{"embeddable":true,"href":"https:\/\/teapozon.com\/de\/wp-json\/wp\/v2\/comments?post=177"}],"version-history":[{"count":0,"href":"https:\/\/teapozon.com\/de\/wp-json\/wp\/v2\/pages\/177\/revisions"}],"wp:attachment":[{"href":"https:\/\/teapozon.com\/de\/wp-json\/wp\/v2\/media?parent=177"}],"curies":[{"name":"wp","href":"https:\/\/api.w.org\/{rel}","templated":true}]}}