{"id":131,"date":"2023-05-12T03:34:35","date_gmt":"2023-05-12T03:34:35","guid":{"rendered":"https:\/\/demo2wpopal.b-cdn.net\/teapoz\/shop\/small-linen-gloves\/"},"modified":"2026-01-13T19:21:56","modified_gmt":"2026-01-13T19:21:56","slug":"chamomile-botanical-blend-sachets","status":"publish","type":"product","link":"https:\/\/teapozon.com\/de\/produkt\/chamomile-botanical-blend-sachets\/","title":{"rendered":"Kamille Botanische Mischung Sachets"},"content":{"rendered":"<h2>Nat\u00fcrlich entspannen mit Kamille Botanical Blend Sachets<\/h2>\n<p>Erleben Sie die beruhigende Kraft der Kamille mit unseren sorgf\u00e4ltig hergestellten Beuteln mit pflanzlicher Mischung. Diese Beutel beruhigen Ihre Sinne und f\u00f6rdern die Entspannung. Sie sind ideal, um sich nach einem langen Tag zu entspannen oder sich auf eine erholsame Nacht vorzubereiten.<\/p>\n<h2>Hochwertige Zutaten f\u00fcr einen reinen Geschmack<\/h2>\n<p>Unsere Kamille Botanical Blend Sachets kombinieren hochwertige Kamillenbl\u00fcten mit einer Auswahl an erg\u00e4nzenden Pflanzen f\u00fcr ein nat\u00fcrliches und geschmackvolles Teeerlebnis. Jeder Beutel wird sorgf\u00e4ltig verpackt, um die Frische und das reiche Aroma zu bewahren, damit Sie jedes Mal eine k\u00f6stliche Tasse genie\u00dfen k\u00f6nnen.<\/p>\n<h2>Bequemes und umweltfreundliches Design<\/h2>\n<p>Unsere einfach zu handhabenden Beutel sind biologisch abbaubar und umweltfreundlich. So k\u00f6nnen Sie Ihren Lieblingstee genie\u00dfen und gleichzeitig die Umwelt schonen. Lassen Sie den Tee einfach ziehen und genie\u00dfen Sie die perfekte Tasse Kr\u00e4utertee \u00fcberall und jederzeit.<\/p>","protected":false},"excerpt":{"rendered":"<p>Et eius beatae ut soluta blanditiis. Odio molestiae molestias nesciunt magni eos et. Laudantium et provident aliquam dolor aut explicabo. Modi et recusandae suscipit quo.<\/p>","protected":false},"featured_media":6162,"comment_status":"open","ping_status":"closed","template":"","meta":[],"product_cat":[43,51],"product_tag":[31,41,42,54],"class_list":{"0":"post-131","1":"product","2":"type-product","3":"status-publish","4":"has-post-thumbnail","6":"product_cat-iced-teas","7":"product_cat-sale-teas","8":"product_tag-beverage","9":"product_tag-herbal-tea","10":"product_tag-hot-drink","11":"product_tag-tea-culture","13":"first","14":"instock","15":"sale","16":"shipping-taxable","17":"purchasable","18":"product-type-variable"},"_links":{"self":[{"href":"https:\/\/teapozon.com\/de\/wp-json\/wp\/v2\/product\/131","targetHints":{"allow":["GET"]}}],"collection":[{"href":"https:\/\/teapozon.com\/de\/wp-json\/wp\/v2\/product"}],"about":[{"href":"https:\/\/teapozon.com\/de\/wp-json\/wp\/v2\/types\/product"}],"replies":[{"embeddable":true,"href":"https:\/\/teapozon.com\/de\/wp-json\/wp\/v2\/comments?post=131"}],"version-history":[{"count":1,"href":"https:\/\/teapozon.com\/de\/wp-json\/wp\/v2\/product\/131\/revisions"}],"predecessor-version":[{"id":6291,"href":"https:\/\/teapozon.com\/de\/wp-json\/wp\/v2\/product\/131\/revisions\/6291"}],"wp:featuredmedia":[{"embeddable":true,"href":"https:\/\/teapozon.com\/de\/wp-json\/wp\/v2\/media\/6162"}],"wp:attachment":[{"href":"https:\/\/teapozon.com\/de\/wp-json\/wp\/v2\/media?parent=131"}],"wp:term":[{"taxonomy":"product_cat","embeddable":true,"href":"https:\/\/teapozon.com\/de\/wp-json\/wp\/v2\/product_cat?post=131"},{"taxonomy":"product_tag","embeddable":true,"href":"https:\/\/teapozon.com\/de\/wp-json\/wp\/v2\/product_tag?post=131"}],"curies":[{"name":"wp","href":"https:\/\/api.w.org\/{rel}","templated":true}]}}